{"id":2,"date":"2018-10-27T13:09:47","date_gmt":"2018-10-27T13:09:47","guid":{"rendered":"https:\/\/bimkonto.hr\/?page_id=2"},"modified":"2019-02-22T00:06:14","modified_gmt":"2019-02-21T23:06:14","slug":"sample-page","status":"publish","type":"page","link":"https:\/\/bimkonto.hr\/","title":{"rendered":"O nama"},"content":{"rendered":"<p>BIM-KONTO je knjigovodstveni i ra\u010dunovodstveni servis s vi\u0161e od 20 godina iskustva u poslu kao garancijom pouzdanosti i profesionalnosti.<\/p>\n<p>Na\u0161e usluge uklju\u010duju:<\/p>\n<ul>\n<li>\n<blockquote><p><strong>FINANCIJSKO KNJIGOVODSTVO za male pravne osobe , obrtnike i samostalne djelatnosti<\/strong><\/p><\/blockquote>\n<\/li>\n<li>\n<blockquote><p><strong>OBRA\u010cUN PLA\u0106A i KADROVSKA EVIDENCIJA<\/strong><\/p><\/blockquote>\n<\/li>\n<li>\n<blockquote><p><strong>poslovno i porezno SAVJETOVANJE<\/strong><\/p><\/blockquote>\n<\/li>\n<\/ul>\n<p>Kontakt:<\/p>\n<blockquote><p><strong>Adresa: Japranska 1A, 10000 Zagreb<\/strong><\/p>\n<p><strong>Telefon:\u00a001\/6156-337<\/strong><\/p>\n<p><strong>E-mail: info@bimkonto.hr<\/strong><\/p><\/blockquote>\n","protected":false},"excerpt":{"rendered":"<p>BIM-KONTO je knjigovodstveni i ra\u010dunovodstveni servis s vi\u0161e od 20 godina iskustva u poslu kao garancijom pouzdanosti i profesionalnosti. Na\u0161e usluge uklju\u010duju: FINANCIJSKO KNJIGOVODSTVO za male pravne osobe , obrtnike i samostalne djelatnosti OBRA\u010cUN PLA\u0106A i KADROVSKA EVIDENCIJA poslovno i porezno SAVJETOVANJE Kontakt: Adresa: Japranska 1A, 10000 Zagreb Telefon:\u00a001\/6156-337 E-mail: info@bimkonto.hr<\/p>\n","protected":false},"author":1,"featured_media":8,"parent":0,"menu_order":0,"comment_status":"closed","ping_status":"open","template":"","meta":{"footnotes":""},"class_list":["post-2","page","type-page","status-publish","has-post-thumbnail","hentry","entry"],"_links":{"self":[{"href":"https:\/\/bimkonto.hr\/index.php?rest_route=\/wp\/v2\/pages\/2","targetHints":{"allow":["GET"]}}],"collection":[{"href":"https:\/\/bimkonto.hr\/index.php?rest_route=\/wp\/v2\/pages"}],"about":[{"href":"https:\/\/bimkonto.hr\/index.php?rest_route=\/wp\/v2\/types\/page"}],"author":[{"embeddable":true,"href":"https:\/\/bimkonto.hr\/index.php?rest_route=\/wp\/v2\/users\/1"}],"replies":[{"embeddable":true,"href":"https:\/\/bimkonto.hr\/index.php?rest_route=%2Fwp%2Fv2%2Fcomments&post=2"}],"version-history":[{"count":4,"href":"https:\/\/bimkonto.hr\/index.php?rest_route=\/wp\/v2\/pages\/2\/revisions"}],"predecessor-version":[{"id":10,"href":"https:\/\/bimkonto.hr\/index.php?rest_route=\/wp\/v2\/pages\/2\/revisions\/10"}],"wp:featuredmedia":[{"embeddable":true,"href":"https:\/\/bimkonto.hr\/index.php?rest_route=\/wp\/v2\/media\/8"}],"wp:attachment":[{"href":"https:\/\/bimkonto.hr\/index.php?rest_route=%2Fwp%2Fv2%2Fmedia&parent=2"}],"curies":[{"name":"wp","href":"https:\/\/api.w.org\/{rel}","templated":true}]}}